{"id":34922,"date":"2022-03-29T14:09:56","date_gmt":"2022-03-29T12:09:56","guid":{"rendered":"http:\/\/development.ekokor.si\/?page_id=34922"},"modified":"2022-06-04T16:33:53","modified_gmt":"2022-06-04T14:33:53","slug":"ueber-uns","status":"publish","type":"page","link":"http:\/\/development.ekokor.si\/de\/ueber-uns\/","title":{"rendered":"\u00dcber uns"},"content":{"rendered":"<p>[vc_row el_class=&#8221;align-middle-row&#8221;][vc_column][vc_column_text]<\/p>\n<div class=\"styled-subtitle title-h1\">\u00d6kologischer Bauernhof pr \u0160majd<\/div>\n<div class=\"styled-subtitle\">Der slowenische Bio-Bauernhof pr \u0160majd liegt auf dem Land im Dorf Predoslje in der N\u00e4he der Stadt Kranj. Mit einer wundersch\u00f6nen Aussicht auf die slowenischen Alpen und ihren h\u00f6chsten Gipfel Grintovec ist der Bauernhof f\u00fcr Besucher interessant, die Qualit\u00e4tsangebote und Entspannung in der Natur suchen.<\/div>\n<p>[\/vc_column_text][vc_single_image image=&#8221;34537&#8243; img_size=&#8221;full&#8221;][\/vc_column][\/vc_row][vc_row el_class=&#8221;align-middle-row&#8221;][vc_column width=&#8221;1\/3&#8243;][vc_column_text el_class=&#8221;speech-bubble&#8221;]<\/p>\n<div class=\"styled-subtitle\">Bei uns stehen Frische und Qualit\u00e4t an erster Stelle. Wir bereiten alle Produkte vor Ort zu, was unser gro\u00dfer Vorteil ist. Besuchen Sie uns und \u00fcberzeugen Sie sich selbst.<\/div>\n<p>[\/vc_column_text][vc_empty_space][vc_single_image image=&#8221;34595&#8243; img_size=&#8221;large&#8221;][\/vc_column][vc_column width=&#8221;2\/3&#8243;][vc_column_text]<\/p>\n<div class=\"styled-subtitle\">Wir sind ein Familienbetrieb, der sich im Jahr 2014 auf die Produktion und Verarbeitung von Industriehanf konzentriert hat.<\/div>\n<p>[\/vc_column_text][vc_row_inner][vc_column_inner width=&#8221;1\/2&#8243;][vc_column_text]Zu Beginn des Jahres 2018 haben wir das Sortiment an Hanfprodukten unter der Marke EkoKor zusammengefasst. Die Linie der biologisch zertifizierten Produkte umfasst: BIO CBD Tropfen, kaltgepresstes Hanf\u00f6l, Hanfproteinpulver, Hanfproteinfaser, Hanffaser, gesch\u00e4lte Hanfsamen, Hanfsamen, handgepfl\u00fcckter Hanftee und Buchweizenmehl.[\/vc_column_text][vc_column_text]Wir schw\u00f6ren auf die Tradition unter Ber\u00fccksichtigung moderner Erkenntnisse. Hanf wird von Hand geerntet. So stellen wir sicher, dass der Ausgangsrohstoff f\u00fcr die Herstellung unserer Bio-Hanfprodukte von hoher Qualit\u00e4t, frei von Unkraut und mit dem h\u00f6chsten Anteil an Hanfwirkstoffen ist.[\/vc_column_text][\/vc_column_inner][vc_column_inner width=&#8221;1\/2&#8243;][vc_single_image image=&#8221;34555&#8243; img_size=&#8221;large&#8221;][\/vc_column_inner][\/vc_row_inner][vc_column_text]<\/p>\n<div class=\"styled-subtitle\">Alle unsere Hanfprodukte sind frisch, nat\u00fcrlich und biologisch.<\/div>\n<p>[\/vc_column_text][\/vc_column][\/vc_row][vc_row][vc_column][\/vc_column][\/vc_row]<\/p>\n","protected":false},"excerpt":{"rendered":"<p>[vc_row el_class=&#8221;align-middle-row&#8221;][vc_column][vc_column_text] \u00d6kologischer Bauernhof pr \u0160majd Der slowenische Bio-Bauernhof pr \u0160majd liegt auf dem Land im Dorf Predoslje in der&#8230;<\/p>\n","protected":false},"author":3,"featured_media":0,"parent":0,"menu_order":0,"comment_status":"closed","ping_status":"closed","template":"","meta":{"footnotes":""},"class_list":["post-34922","page","type-page","status-publish"],"acf":[],"yoast_head":"<!-- This site is optimized with the Yoast SEO plugin v19.4 - https:\/\/yoast.com\/wordpress\/plugins\/seo\/ -->\n<title>\u00dcber uns - Ekokor - Slovenski Ekolo\u0161ki izdelki iz konoplje<\/title>\n<meta name=\"robots\" content=\"noindex, follow, max-snippet:-1, max-image-preview:large, max-video-preview:-1\" \/>\n<meta property=\"og:locale\" content=\"de_DE\" \/>\n<meta property=\"og:type\" content=\"article\" \/>\n<meta property=\"og:title\" content=\"\u00dcber uns - Ekokor - Slovenski Ekolo\u0161ki izdelki iz konoplje\" \/>\n<meta property=\"og:description\" content=\"[vc_row el_class=&#8221;align-middle-row&#8221;][vc_column][vc_column_text] \u00d6kologischer Bauernhof pr \u0160majd Der slowenische Bio-Bauernhof pr \u0160majd liegt auf dem Land im Dorf Predoslje in der...\" \/>\n<meta property=\"og:url\" content=\"http:\/\/development.ekokor.si\/de\/ueber-uns\/\" \/>\n<meta property=\"og:site_name\" content=\"Ekokor - Slovenski Ekolo\u0161ki izdelki iz konoplje\" \/>\n<meta property=\"article:publisher\" content=\"https:\/\/www.facebook.com\/ekokor99\/\" \/>\n<meta property=\"article:modified_time\" content=\"2022-06-04T14:33:53+00:00\" \/>\n<meta name=\"twitter:card\" content=\"summary_large_image\" \/>\n<meta name=\"twitter:label1\" content=\"Gesch\u00e4tzte Lesezeit\" \/>\n\t<meta name=\"twitter:data1\" content=\"2\u00a0Minuten\" \/>\n<script type=\"application\/ld+json\" class=\"yoast-schema-graph\">{\"@context\":\"https:\/\/schema.org\",\"@graph\":[{\"@type\":\"Organization\",\"@id\":\"http:\/\/development.ekokor.si\/#organization\",\"name\":\"Ekokor - slovenski ekolo\u0161ki izdelki iz konoplje\",\"url\":\"http:\/\/development.ekokor.si\/\",\"sameAs\":[\"https:\/\/www.facebook.com\/ekokor99\/\"],\"logo\":{\"@type\":\"ImageObject\",\"inLanguage\":\"de\",\"@id\":\"http:\/\/development.ekokor.si\/#\/schema\/logo\/image\/\",\"url\":\"http:\/\/development.ekokor.si\/wp-content\/uploads\/2019\/08\/ekokog_logo.png\",\"contentUrl\":\"http:\/\/development.ekokor.si\/wp-content\/uploads\/2019\/08\/ekokog_logo.png\",\"width\":221,\"height\":296,\"caption\":\"Ekokor - slovenski ekolo\u0161ki izdelki iz konoplje\"},\"image\":{\"@id\":\"http:\/\/development.ekokor.si\/#\/schema\/logo\/image\/\"}},{\"@type\":\"WebSite\",\"@id\":\"http:\/\/development.ekokor.si\/#website\",\"url\":\"http:\/\/development.ekokor.si\/\",\"name\":\"Ekokor - Slovenski Ekolo\u0161ki izdelki iz konoplje\",\"description\":\"Spletna trgovina ekolo\u0161ke kmetije pr&#039; \u0160majd\",\"publisher\":{\"@id\":\"http:\/\/development.ekokor.si\/#organization\"},\"potentialAction\":[{\"@type\":\"SearchAction\",\"target\":{\"@type\":\"EntryPoint\",\"urlTemplate\":\"http:\/\/development.ekokor.si\/?s={search_term_string}\"},\"query-input\":\"required name=search_term_string\"}],\"inLanguage\":\"de\"},{\"@type\":\"WebPage\",\"@id\":\"http:\/\/development.ekokor.si\/de\/ueber-uns\/\",\"url\":\"http:\/\/development.ekokor.si\/de\/ueber-uns\/\",\"name\":\"\u00dcber uns - Ekokor - Slovenski Ekolo\u0161ki izdelki iz konoplje\",\"isPartOf\":{\"@id\":\"http:\/\/development.ekokor.si\/#website\"},\"datePublished\":\"2022-03-29T12:09:56+00:00\",\"dateModified\":\"2022-06-04T14:33:53+00:00\",\"breadcrumb\":{\"@id\":\"http:\/\/development.ekokor.si\/de\/ueber-uns\/#breadcrumb\"},\"inLanguage\":\"de\",\"potentialAction\":[{\"@type\":\"ReadAction\",\"target\":[\"http:\/\/development.ekokor.si\/de\/ueber-uns\/\"]}]},{\"@type\":\"BreadcrumbList\",\"@id\":\"http:\/\/development.ekokor.si\/de\/ueber-uns\/#breadcrumb\",\"itemListElement\":[{\"@type\":\"ListItem\",\"position\":1,\"name\":\"Home\",\"item\":\"http:\/\/development.ekokor.si\/de\/\"},{\"@type\":\"ListItem\",\"position\":2,\"name\":\"\u00dcber uns\"}]}]}<\/script>\n<!-- \/ Yoast SEO plugin. -->","yoast_head_json":{"title":"\u00dcber uns - Ekokor - Slovenski Ekolo\u0161ki izdelki iz konoplje","robots":{"index":"noindex","follow":"follow","max-snippet":"max-snippet:-1","max-image-preview":"max-image-preview:large","max-video-preview":"max-video-preview:-1"},"og_locale":"de_DE","og_type":"article","og_title":"\u00dcber uns - Ekokor - Slovenski Ekolo\u0161ki izdelki iz konoplje","og_description":"[vc_row el_class=&#8221;align-middle-row&#8221;][vc_column][vc_column_text] \u00d6kologischer Bauernhof pr \u0160majd Der slowenische Bio-Bauernhof pr \u0160majd liegt auf dem Land im Dorf Predoslje in der...","og_url":"http:\/\/development.ekokor.si\/de\/ueber-uns\/","og_site_name":"Ekokor - Slovenski Ekolo\u0161ki izdelki iz konoplje","article_publisher":"https:\/\/www.facebook.com\/ekokor99\/","article_modified_time":"2022-06-04T14:33:53+00:00","twitter_card":"summary_large_image","twitter_misc":{"Gesch\u00e4tzte Lesezeit":"2\u00a0Minuten"},"schema":{"@context":"https:\/\/schema.org","@graph":[{"@type":"Organization","@id":"http:\/\/development.ekokor.si\/#organization","name":"Ekokor - slovenski ekolo\u0161ki izdelki iz konoplje","url":"http:\/\/development.ekokor.si\/","sameAs":["https:\/\/www.facebook.com\/ekokor99\/"],"logo":{"@type":"ImageObject","inLanguage":"de","@id":"http:\/\/development.ekokor.si\/#\/schema\/logo\/image\/","url":"http:\/\/development.ekokor.si\/wp-content\/uploads\/2019\/08\/ekokog_logo.png","contentUrl":"http:\/\/development.ekokor.si\/wp-content\/uploads\/2019\/08\/ekokog_logo.png","width":221,"height":296,"caption":"Ekokor - slovenski ekolo\u0161ki izdelki iz konoplje"},"image":{"@id":"http:\/\/development.ekokor.si\/#\/schema\/logo\/image\/"}},{"@type":"WebSite","@id":"http:\/\/development.ekokor.si\/#website","url":"http:\/\/development.ekokor.si\/","name":"Ekokor - Slovenski Ekolo\u0161ki izdelki iz konoplje","description":"Spletna trgovina ekolo\u0161ke kmetije pr&#039; \u0160majd","publisher":{"@id":"http:\/\/development.ekokor.si\/#organization"},"potentialAction":[{"@type":"SearchAction","target":{"@type":"EntryPoint","urlTemplate":"http:\/\/development.ekokor.si\/?s={search_term_string}"},"query-input":"required name=search_term_string"}],"inLanguage":"de"},{"@type":"WebPage","@id":"http:\/\/development.ekokor.si\/de\/ueber-uns\/","url":"http:\/\/development.ekokor.si\/de\/ueber-uns\/","name":"\u00dcber uns - Ekokor - Slovenski Ekolo\u0161ki izdelki iz konoplje","isPartOf":{"@id":"http:\/\/development.ekokor.si\/#website"},"datePublished":"2022-03-29T12:09:56+00:00","dateModified":"2022-06-04T14:33:53+00:00","breadcrumb":{"@id":"http:\/\/development.ekokor.si\/de\/ueber-uns\/#breadcrumb"},"inLanguage":"de","potentialAction":[{"@type":"ReadAction","target":["http:\/\/development.ekokor.si\/de\/ueber-uns\/"]}]},{"@type":"BreadcrumbList","@id":"http:\/\/development.ekokor.si\/de\/ueber-uns\/#breadcrumb","itemListElement":[{"@type":"ListItem","position":1,"name":"Home","item":"http:\/\/development.ekokor.si\/de\/"},{"@type":"ListItem","position":2,"name":"\u00dcber uns"}]}]}},"_links":{"self":[{"href":"http:\/\/development.ekokor.si\/de\/wp-json\/wp\/v2\/pages\/34922","targetHints":{"allow":["GET"]}}],"collection":[{"href":"http:\/\/development.ekokor.si\/de\/wp-json\/wp\/v2\/pages"}],"about":[{"href":"http:\/\/development.ekokor.si\/de\/wp-json\/wp\/v2\/types\/page"}],"author":[{"embeddable":true,"href":"http:\/\/development.ekokor.si\/de\/wp-json\/wp\/v2\/users\/3"}],"replies":[{"embeddable":true,"href":"http:\/\/development.ekokor.si\/de\/wp-json\/wp\/v2\/comments?post=34922"}],"version-history":[{"count":5,"href":"http:\/\/development.ekokor.si\/de\/wp-json\/wp\/v2\/pages\/34922\/revisions"}],"predecessor-version":[{"id":34927,"href":"http:\/\/development.ekokor.si\/de\/wp-json\/wp\/v2\/pages\/34922\/revisions\/34927"}],"wp:attachment":[{"href":"http:\/\/development.ekokor.si\/de\/wp-json\/wp\/v2\/media?parent=34922"}],"curies":[{"name":"wp","href":"https:\/\/api.w.org\/{rel}","templated":true}]}}