{"id":35045,"date":"2022-04-02T23:07:20","date_gmt":"2022-04-02T21:07:20","guid":{"rendered":"http:\/\/development.ekokor.si\/kontakt\/"},"modified":"2022-08-10T09:42:55","modified_gmt":"2022-08-10T07:42:55","slug":"kontakt","status":"publish","type":"page","link":"http:\/\/development.ekokor.si\/de\/kontakt\/","title":{"rendered":"Kontakt"},"content":{"rendered":"<p>[vc_row][vc_column width=&#8221;1\/2&#8243;][vc_column_text]<\/p>\n<div class=\"title-h2\" style=\"margin-bottom: 5px;\">Kontaktformular<\/div>\n<p>[\/vc_column_text][vc_empty_space height=&#8221;10px&#8221;]<div role=\"form\" class=\"wpcf7\" id=\"wpcf7-f35305-o1\" lang=\"sl-SI\" dir=\"ltr\">\n<div class=\"screen-reader-response\"><p role=\"status\" aria-live=\"polite\" aria-atomic=\"true\"><\/p> <ul><\/ul><\/div>\n<form action=\"\/de\/wp-json\/wp\/v2\/pages\/35045#wpcf7-f35305-o1\" method=\"post\" class=\"wpcf7-form init\" novalidate=\"novalidate\" data-status=\"init\">\n<div style=\"display: none;\">\n<input type=\"hidden\" name=\"_wpcf7\" value=\"35305\" \/>\n<input type=\"hidden\" name=\"_wpcf7_version\" value=\"5.6.1\" \/>\n<input type=\"hidden\" name=\"_wpcf7_locale\" value=\"sl_SI\" \/>\n<input type=\"hidden\" name=\"_wpcf7_unit_tag\" value=\"wpcf7-f35305-o1\" \/>\n<input type=\"hidden\" name=\"_wpcf7_container_post\" value=\"0\" \/>\n<input type=\"hidden\" name=\"_wpcf7_posted_data_hash\" value=\"\" \/>\n<\/div>\n<p><label> Name und Nachname (Pflichtfeld)<br \/>\n    <span class=\"wpcf7-form-control-wrap\" data-name=\"your-name\"><input type=\"text\" name=\"your-name\" value=\"\" size=\"40\" class=\"wpcf7-form-control wpcf7-text wpcf7-validates-as-required\" aria-required=\"true\" aria-invalid=\"false\" \/><\/span> <\/label><\/p>\n<p><label> E-Mail-Adresse (Pflichtfeld)<br \/>\n    <span class=\"wpcf7-form-control-wrap\" data-name=\"your-email\"><input type=\"email\" name=\"your-email\" value=\"\" size=\"40\" class=\"wpcf7-form-control wpcf7-text wpcf7-email wpcf7-validates-as-required wpcf7-validates-as-email\" aria-required=\"true\" aria-invalid=\"false\" \/><\/span> <\/label><\/p>\n<p><label> Adresse<br \/>\n    <span class=\"wpcf7-form-control-wrap\" data-name=\"your-subject\"><input type=\"text\" name=\"your-subject\" value=\"\" size=\"40\" class=\"wpcf7-form-control wpcf7-text\" aria-invalid=\"false\" \/><\/span> <\/label><\/p>\n<p><label> Nachricht<br \/>\n    <span class=\"wpcf7-form-control-wrap\" data-name=\"your-message\"><textarea name=\"your-message\" cols=\"40\" rows=\"10\" class=\"wpcf7-form-control wpcf7-textarea\" aria-invalid=\"false\"><\/textarea><\/span> <\/label><\/p>\n<p><input type=\"submit\" value=\"Senden\" class=\"wpcf7-form-control has-spinner wpcf7-submit\" \/><\/p>\n<div class=\"wpcf7-response-output\" aria-hidden=\"true\"><\/div><\/form><\/div>[\/vc_column][vc_column width=&#8221;1\/2&#8243;][vc_column_text]<\/p>\n<div class=\"title-h2\" style=\"margin-bottom: 10px;\"><strong>Bio-Bauernhof Smajd<\/strong><\/div>\n<p>Ambro\u017e Korenjak, Zusatzt\u00e4tigkeit im Landwirtschaftlichen Betrieb<br \/>\nFabianijeva ulica 27<br \/>\n1000 Ljubljana<\/p>\n<p>biocbd@ekokor.si<br \/>\nT: +49 1522 7001626<\/p>\n<p>Registriernummer: 2750180000<br \/>\nSteuernummer: SI21063222<\/p>\n<p>Bankkonto: SI56 2900 0005 3526 494[\/vc_column_text][vc_gmaps link=&#8221;#E-8_JTNDaWZyYW1lJTIwc3JjJTNEJTIyaHR0cHMlM0ElMkYlMkZ3d3cuZ29vZ2xlLmNvbSUyRm1hcHMlMkZlbWJlZCUzRnBiJTNEJTIxMW0xOCUyMTFtMTIlMjExbTMlMjExZDI3NTguNDY5Mjk0ODU1NjU0NCUyMTJkMTQuMzgwNzgzMTc2OTIwNTU2JTIxM2Q0Ni4yNjA3NzcxNzQzODQ0MyUyMTJtMyUyMTFmMCUyMTJmMCUyMTNmMCUyMTNtMiUyMTFpMTAyNCUyMTJpNzY4JTIxNGYxMy4xJTIxM20zJTIxMW0yJTIxMXMweDQ3N2FiNzljYjc2OWE5YTclMjUzQTB4ZjllMjE3NTE5NWNiNjRiYiUyMTJzUHJlZG9zbGplJTI1MjAxMDJiJTI1MkMlMjUyMDQwMDAlMjUyMEtyYW5qJTIxNWUwJTIxM20yJTIxMXNlbiUyMTJzc2klMjE0djE1Njk3ODUzOTkwNDQlMjE1bTIlMjExc2VuJTIxMnNzaSUyMiUyMHdpZHRoJTNEJTIyNjAwJTIyJTIwaGVpZ2h0JTNEJTIyNDUwJTIyJTIwZnJhbWVib3JkZXIlM0QlMjIwJTIyJTIwc3R5bGUlM0QlMjJib3JkZXIlM0EwJTNCJTIyJTIwYWxsb3dmdWxsc2NyZWVuJTNEJTIyJTIyJTNFJTNDJTJGaWZyYW1lJTNF&#8221;][\/vc_column][\/vc_row]<\/p>\n","protected":false},"excerpt":{"rendered":"<p>[vc_row][vc_column width=&#8221;1\/2&#8243;][vc_column_text] Kontaktformular [\/vc_column_text][vc_empty_space height=&#8221;10px&#8221;][\/vc_column][vc_column width=&#8221;1\/2&#8243;][vc_column_text] Bio-Bauernhof Smajd Ambro\u017e Korenjak, Zusatzt\u00e4tigkeit im Landwirtschaftlichen Betrieb Fabianijeva ulica 27 1000 Ljubljana biocbd@ekokor.si&#8230;<\/p>\n","protected":false},"author":3,"featured_media":0,"parent":0,"menu_order":0,"comment_status":"closed","ping_status":"closed","template":"","meta":{"footnotes":""},"class_list":["post-35045","page","type-page","status-publish"],"acf":[],"yoast_head":"<!-- This site is optimized with the Yoast SEO plugin v19.4 - https:\/\/yoast.com\/wordpress\/plugins\/seo\/ -->\n<title>Kontakt - Ekokor - Slovenski Ekolo\u0161ki izdelki iz konoplje<\/title>\n<meta name=\"robots\" content=\"noindex, follow, max-snippet:-1, max-image-preview:large, max-video-preview:-1\" \/>\n<meta property=\"og:locale\" content=\"de_DE\" \/>\n<meta property=\"og:type\" content=\"article\" \/>\n<meta property=\"og:title\" content=\"Kontakt - Ekokor - Slovenski Ekolo\u0161ki izdelki iz konoplje\" \/>\n<meta property=\"og:description\" content=\"[vc_row][vc_column width=&#8221;1\/2&#8243;][vc_column_text] Kontaktformular [\/vc_column_text][vc_empty_space height=&#8221;10px&#8221;][\/vc_column][vc_column width=&#8221;1\/2&#8243;][vc_column_text] Bio-Bauernhof Smajd Ambro\u017e Korenjak, Zusatzt\u00e4tigkeit im Landwirtschaftlichen Betrieb Fabianijeva ulica 27 1000 Ljubljana biocbd@ekokor.si...\" \/>\n<meta property=\"og:url\" content=\"http:\/\/development.ekokor.si\/de\/kontakt\/\" \/>\n<meta property=\"og:site_name\" content=\"Ekokor - Slovenski Ekolo\u0161ki izdelki iz konoplje\" \/>\n<meta property=\"article:publisher\" content=\"https:\/\/www.facebook.com\/ekokor99\/\" \/>\n<meta property=\"article:modified_time\" content=\"2022-08-10T07:42:55+00:00\" \/>\n<meta name=\"twitter:card\" content=\"summary_large_image\" \/>\n<meta name=\"twitter:label1\" content=\"Gesch\u00e4tzte Lesezeit\" \/>\n\t<meta name=\"twitter:data1\" content=\"1\u00a0Minute\" \/>\n<script type=\"application\/ld+json\" class=\"yoast-schema-graph\">{\"@context\":\"https:\/\/schema.org\",\"@graph\":[{\"@type\":\"Organization\",\"@id\":\"http:\/\/development.ekokor.si\/#organization\",\"name\":\"Ekokor - slovenski ekolo\u0161ki izdelki iz konoplje\",\"url\":\"http:\/\/development.ekokor.si\/\",\"sameAs\":[\"https:\/\/www.facebook.com\/ekokor99\/\"],\"logo\":{\"@type\":\"ImageObject\",\"inLanguage\":\"de\",\"@id\":\"http:\/\/development.ekokor.si\/#\/schema\/logo\/image\/\",\"url\":\"http:\/\/development.ekokor.si\/wp-content\/uploads\/2019\/08\/ekokog_logo.png\",\"contentUrl\":\"http:\/\/development.ekokor.si\/wp-content\/uploads\/2019\/08\/ekokog_logo.png\",\"width\":221,\"height\":296,\"caption\":\"Ekokor - slovenski ekolo\u0161ki izdelki iz konoplje\"},\"image\":{\"@id\":\"http:\/\/development.ekokor.si\/#\/schema\/logo\/image\/\"}},{\"@type\":\"WebSite\",\"@id\":\"http:\/\/development.ekokor.si\/#website\",\"url\":\"http:\/\/development.ekokor.si\/\",\"name\":\"Ekokor - Slovenski Ekolo\u0161ki izdelki iz konoplje\",\"description\":\"Spletna trgovina ekolo\u0161ke kmetije pr&#039; \u0160majd\",\"publisher\":{\"@id\":\"http:\/\/development.ekokor.si\/#organization\"},\"potentialAction\":[{\"@type\":\"SearchAction\",\"target\":{\"@type\":\"EntryPoint\",\"urlTemplate\":\"http:\/\/development.ekokor.si\/?s={search_term_string}\"},\"query-input\":\"required name=search_term_string\"}],\"inLanguage\":\"de\"},{\"@type\":\"WebPage\",\"@id\":\"http:\/\/development.ekokor.si\/de\/kontakt\/\",\"url\":\"http:\/\/development.ekokor.si\/de\/kontakt\/\",\"name\":\"Kontakt - Ekokor - Slovenski Ekolo\u0161ki izdelki iz konoplje\",\"isPartOf\":{\"@id\":\"http:\/\/development.ekokor.si\/#website\"},\"datePublished\":\"2022-04-02T21:07:20+00:00\",\"dateModified\":\"2022-08-10T07:42:55+00:00\",\"breadcrumb\":{\"@id\":\"http:\/\/development.ekokor.si\/de\/kontakt\/#breadcrumb\"},\"inLanguage\":\"de\",\"potentialAction\":[{\"@type\":\"ReadAction\",\"target\":[\"http:\/\/development.ekokor.si\/de\/kontakt\/\"]}]},{\"@type\":\"BreadcrumbList\",\"@id\":\"http:\/\/development.ekokor.si\/de\/kontakt\/#breadcrumb\",\"itemListElement\":[{\"@type\":\"ListItem\",\"position\":1,\"name\":\"Home\",\"item\":\"http:\/\/development.ekokor.si\/de\/\"},{\"@type\":\"ListItem\",\"position\":2,\"name\":\"Kontakt\"}]}]}<\/script>\n<!-- \/ Yoast SEO plugin. -->","yoast_head_json":{"title":"Kontakt - Ekokor - Slovenski Ekolo\u0161ki izdelki iz konoplje","robots":{"index":"noindex","follow":"follow","max-snippet":"max-snippet:-1","max-image-preview":"max-image-preview:large","max-video-preview":"max-video-preview:-1"},"og_locale":"de_DE","og_type":"article","og_title":"Kontakt - Ekokor - Slovenski Ekolo\u0161ki izdelki iz konoplje","og_description":"[vc_row][vc_column width=&#8221;1\/2&#8243;][vc_column_text] Kontaktformular [\/vc_column_text][vc_empty_space height=&#8221;10px&#8221;][\/vc_column][vc_column width=&#8221;1\/2&#8243;][vc_column_text] Bio-Bauernhof Smajd Ambro\u017e Korenjak, Zusatzt\u00e4tigkeit im Landwirtschaftlichen Betrieb Fabianijeva ulica 27 1000 Ljubljana biocbd@ekokor.si...","og_url":"http:\/\/development.ekokor.si\/de\/kontakt\/","og_site_name":"Ekokor - Slovenski Ekolo\u0161ki izdelki iz konoplje","article_publisher":"https:\/\/www.facebook.com\/ekokor99\/","article_modified_time":"2022-08-10T07:42:55+00:00","twitter_card":"summary_large_image","twitter_misc":{"Gesch\u00e4tzte Lesezeit":"1\u00a0Minute"},"schema":{"@context":"https:\/\/schema.org","@graph":[{"@type":"Organization","@id":"http:\/\/development.ekokor.si\/#organization","name":"Ekokor - slovenski ekolo\u0161ki izdelki iz konoplje","url":"http:\/\/development.ekokor.si\/","sameAs":["https:\/\/www.facebook.com\/ekokor99\/"],"logo":{"@type":"ImageObject","inLanguage":"de","@id":"http:\/\/development.ekokor.si\/#\/schema\/logo\/image\/","url":"http:\/\/development.ekokor.si\/wp-content\/uploads\/2019\/08\/ekokog_logo.png","contentUrl":"http:\/\/development.ekokor.si\/wp-content\/uploads\/2019\/08\/ekokog_logo.png","width":221,"height":296,"caption":"Ekokor - slovenski ekolo\u0161ki izdelki iz konoplje"},"image":{"@id":"http:\/\/development.ekokor.si\/#\/schema\/logo\/image\/"}},{"@type":"WebSite","@id":"http:\/\/development.ekokor.si\/#website","url":"http:\/\/development.ekokor.si\/","name":"Ekokor - Slovenski Ekolo\u0161ki izdelki iz konoplje","description":"Spletna trgovina ekolo\u0161ke kmetije pr&#039; \u0160majd","publisher":{"@id":"http:\/\/development.ekokor.si\/#organization"},"potentialAction":[{"@type":"SearchAction","target":{"@type":"EntryPoint","urlTemplate":"http:\/\/development.ekokor.si\/?s={search_term_string}"},"query-input":"required name=search_term_string"}],"inLanguage":"de"},{"@type":"WebPage","@id":"http:\/\/development.ekokor.si\/de\/kontakt\/","url":"http:\/\/development.ekokor.si\/de\/kontakt\/","name":"Kontakt - Ekokor - Slovenski Ekolo\u0161ki izdelki iz konoplje","isPartOf":{"@id":"http:\/\/development.ekokor.si\/#website"},"datePublished":"2022-04-02T21:07:20+00:00","dateModified":"2022-08-10T07:42:55+00:00","breadcrumb":{"@id":"http:\/\/development.ekokor.si\/de\/kontakt\/#breadcrumb"},"inLanguage":"de","potentialAction":[{"@type":"ReadAction","target":["http:\/\/development.ekokor.si\/de\/kontakt\/"]}]},{"@type":"BreadcrumbList","@id":"http:\/\/development.ekokor.si\/de\/kontakt\/#breadcrumb","itemListElement":[{"@type":"ListItem","position":1,"name":"Home","item":"http:\/\/development.ekokor.si\/de\/"},{"@type":"ListItem","position":2,"name":"Kontakt"}]}]}},"_links":{"self":[{"href":"http:\/\/development.ekokor.si\/de\/wp-json\/wp\/v2\/pages\/35045","targetHints":{"allow":["GET"]}}],"collection":[{"href":"http:\/\/development.ekokor.si\/de\/wp-json\/wp\/v2\/pages"}],"about":[{"href":"http:\/\/development.ekokor.si\/de\/wp-json\/wp\/v2\/types\/page"}],"author":[{"embeddable":true,"href":"http:\/\/development.ekokor.si\/de\/wp-json\/wp\/v2\/users\/3"}],"replies":[{"embeddable":true,"href":"http:\/\/development.ekokor.si\/de\/wp-json\/wp\/v2\/comments?post=35045"}],"version-history":[{"count":11,"href":"http:\/\/development.ekokor.si\/de\/wp-json\/wp\/v2\/pages\/35045\/revisions"}],"predecessor-version":[{"id":35546,"href":"http:\/\/development.ekokor.si\/de\/wp-json\/wp\/v2\/pages\/35045\/revisions\/35546"}],"wp:attachment":[{"href":"http:\/\/development.ekokor.si\/de\/wp-json\/wp\/v2\/media?parent=35045"}],"curies":[{"name":"wp","href":"https:\/\/api.w.org\/{rel}","templated":true}]}}