{"id":35130,"date":"2022-04-15T12:35:17","date_gmt":"2022-04-15T10:35:17","guid":{"rendered":"http:\/\/development.ekokor.si\/o-nas\/bio-certifikat\/"},"modified":"2022-04-15T12:35:18","modified_gmt":"2022-04-15T10:35:18","slug":"bio-certifikat","status":"publish","type":"page","link":"http:\/\/development.ekokor.si\/de\/ueber-uns\/bio-certifikat\/","title":{"rendered":"BIO CERTIFIKAT"},"content":{"rendered":"<p>[vc_row][vc_column][vc_single_image image=&#8221;34953&#8243; img_size=&#8221;full&#8221; alignment=&#8221;center&#8221;][\/vc_column][\/vc_row]<\/p>\n","protected":false},"excerpt":{"rendered":"<p>[vc_row][vc_column][vc_single_image image=&#8221;34953&#8243; img_size=&#8221;full&#8221; alignment=&#8221;center&#8221;][\/vc_column][\/vc_row]<\/p>\n","protected":false},"author":3,"featured_media":0,"parent":34922,"menu_order":0,"comment_status":"closed","ping_status":"closed","template":"","meta":{"footnotes":""},"class_list":["post-35130","page","type-page","status-publish"],"acf":[],"yoast_head":"<!-- This site is optimized with the Yoast SEO plugin v19.4 - https:\/\/yoast.com\/wordpress\/plugins\/seo\/ -->\n<title>BIO CERTIFIKAT - Ekokor - Slovenski Ekolo\u0161ki izdelki iz konoplje<\/title>\n<meta name=\"robots\" content=\"noindex, follow, max-snippet:-1, max-image-preview:large, max-video-preview:-1\" \/>\n<meta property=\"og:locale\" content=\"de_DE\" \/>\n<meta property=\"og:type\" content=\"article\" \/>\n<meta property=\"og:title\" content=\"BIO CERTIFIKAT - Ekokor - Slovenski Ekolo\u0161ki izdelki iz konoplje\" \/>\n<meta property=\"og:description\" content=\"[vc_row][vc_column][vc_single_image image=&#8221;34953&#8243; img_size=&#8221;full&#8221; alignment=&#8221;center&#8221;][\/vc_column][\/vc_row]\" \/>\n<meta property=\"og:url\" content=\"http:\/\/development.ekokor.si\/de\/ueber-uns\/bio-certifikat\/\" \/>\n<meta property=\"og:site_name\" content=\"Ekokor - Slovenski Ekolo\u0161ki izdelki iz konoplje\" \/>\n<meta property=\"article:publisher\" content=\"https:\/\/www.facebook.com\/ekokor99\/\" \/>\n<meta property=\"article:modified_time\" content=\"2022-04-15T10:35:18+00:00\" \/>\n<meta name=\"twitter:card\" content=\"summary_large_image\" \/>\n<script type=\"application\/ld+json\" class=\"yoast-schema-graph\">{\"@context\":\"https:\/\/schema.org\",\"@graph\":[{\"@type\":\"Organization\",\"@id\":\"http:\/\/development.ekokor.si\/#organization\",\"name\":\"Ekokor - slovenski ekolo\u0161ki izdelki iz konoplje\",\"url\":\"http:\/\/development.ekokor.si\/\",\"sameAs\":[\"https:\/\/www.facebook.com\/ekokor99\/\"],\"logo\":{\"@type\":\"ImageObject\",\"inLanguage\":\"de\",\"@id\":\"http:\/\/development.ekokor.si\/#\/schema\/logo\/image\/\",\"url\":\"http:\/\/development.ekokor.si\/wp-content\/uploads\/2019\/08\/ekokog_logo.png\",\"contentUrl\":\"http:\/\/development.ekokor.si\/wp-content\/uploads\/2019\/08\/ekokog_logo.png\",\"width\":221,\"height\":296,\"caption\":\"Ekokor - slovenski ekolo\u0161ki izdelki iz konoplje\"},\"image\":{\"@id\":\"http:\/\/development.ekokor.si\/#\/schema\/logo\/image\/\"}},{\"@type\":\"WebSite\",\"@id\":\"http:\/\/development.ekokor.si\/#website\",\"url\":\"http:\/\/development.ekokor.si\/\",\"name\":\"Ekokor - Slovenski Ekolo\u0161ki izdelki iz konoplje\",\"description\":\"Spletna trgovina ekolo\u0161ke kmetije pr&#039; \u0160majd\",\"publisher\":{\"@id\":\"http:\/\/development.ekokor.si\/#organization\"},\"potentialAction\":[{\"@type\":\"SearchAction\",\"target\":{\"@type\":\"EntryPoint\",\"urlTemplate\":\"http:\/\/development.ekokor.si\/?s={search_term_string}\"},\"query-input\":\"required name=search_term_string\"}],\"inLanguage\":\"de\"},{\"@type\":\"WebPage\",\"@id\":\"http:\/\/development.ekokor.si\/de\/ueber-uns\/bio-certifikat\/\",\"url\":\"http:\/\/development.ekokor.si\/de\/ueber-uns\/bio-certifikat\/\",\"name\":\"BIO CERTIFIKAT - Ekokor - Slovenski Ekolo\u0161ki izdelki iz konoplje\",\"isPartOf\":{\"@id\":\"http:\/\/development.ekokor.si\/#website\"},\"datePublished\":\"2022-04-15T10:35:17+00:00\",\"dateModified\":\"2022-04-15T10:35:18+00:00\",\"breadcrumb\":{\"@id\":\"http:\/\/development.ekokor.si\/de\/ueber-uns\/bio-certifikat\/#breadcrumb\"},\"inLanguage\":\"de\",\"potentialAction\":[{\"@type\":\"ReadAction\",\"target\":[\"http:\/\/development.ekokor.si\/de\/ueber-uns\/bio-certifikat\/\"]}]},{\"@type\":\"BreadcrumbList\",\"@id\":\"http:\/\/development.ekokor.si\/de\/ueber-uns\/bio-certifikat\/#breadcrumb\",\"itemListElement\":[{\"@type\":\"ListItem\",\"position\":1,\"name\":\"Home\",\"item\":\"http:\/\/development.ekokor.si\/de\/\"},{\"@type\":\"ListItem\",\"position\":2,\"name\":\"\u00dcber uns\",\"item\":\"http:\/\/development.ekokor.si\/de\/ueber-uns\/\"},{\"@type\":\"ListItem\",\"position\":3,\"name\":\"BIO CERTIFIKAT\"}]}]}<\/script>\n<!-- \/ Yoast SEO plugin. -->","yoast_head_json":{"title":"BIO CERTIFIKAT - Ekokor - Slovenski Ekolo\u0161ki izdelki iz konoplje","robots":{"index":"noindex","follow":"follow","max-snippet":"max-snippet:-1","max-image-preview":"max-image-preview:large","max-video-preview":"max-video-preview:-1"},"og_locale":"de_DE","og_type":"article","og_title":"BIO CERTIFIKAT - Ekokor - Slovenski Ekolo\u0161ki izdelki iz konoplje","og_description":"[vc_row][vc_column][vc_single_image image=&#8221;34953&#8243; img_size=&#8221;full&#8221; alignment=&#8221;center&#8221;][\/vc_column][\/vc_row]","og_url":"http:\/\/development.ekokor.si\/de\/ueber-uns\/bio-certifikat\/","og_site_name":"Ekokor - Slovenski Ekolo\u0161ki izdelki iz konoplje","article_publisher":"https:\/\/www.facebook.com\/ekokor99\/","article_modified_time":"2022-04-15T10:35:18+00:00","twitter_card":"summary_large_image","schema":{"@context":"https:\/\/schema.org","@graph":[{"@type":"Organization","@id":"http:\/\/development.ekokor.si\/#organization","name":"Ekokor - slovenski ekolo\u0161ki izdelki iz konoplje","url":"http:\/\/development.ekokor.si\/","sameAs":["https:\/\/www.facebook.com\/ekokor99\/"],"logo":{"@type":"ImageObject","inLanguage":"de","@id":"http:\/\/development.ekokor.si\/#\/schema\/logo\/image\/","url":"http:\/\/development.ekokor.si\/wp-content\/uploads\/2019\/08\/ekokog_logo.png","contentUrl":"http:\/\/development.ekokor.si\/wp-content\/uploads\/2019\/08\/ekokog_logo.png","width":221,"height":296,"caption":"Ekokor - slovenski ekolo\u0161ki izdelki iz konoplje"},"image":{"@id":"http:\/\/development.ekokor.si\/#\/schema\/logo\/image\/"}},{"@type":"WebSite","@id":"http:\/\/development.ekokor.si\/#website","url":"http:\/\/development.ekokor.si\/","name":"Ekokor - Slovenski Ekolo\u0161ki izdelki iz konoplje","description":"Spletna trgovina ekolo\u0161ke kmetije pr&#039; \u0160majd","publisher":{"@id":"http:\/\/development.ekokor.si\/#organization"},"potentialAction":[{"@type":"SearchAction","target":{"@type":"EntryPoint","urlTemplate":"http:\/\/development.ekokor.si\/?s={search_term_string}"},"query-input":"required name=search_term_string"}],"inLanguage":"de"},{"@type":"WebPage","@id":"http:\/\/development.ekokor.si\/de\/ueber-uns\/bio-certifikat\/","url":"http:\/\/development.ekokor.si\/de\/ueber-uns\/bio-certifikat\/","name":"BIO CERTIFIKAT - Ekokor - Slovenski Ekolo\u0161ki izdelki iz konoplje","isPartOf":{"@id":"http:\/\/development.ekokor.si\/#website"},"datePublished":"2022-04-15T10:35:17+00:00","dateModified":"2022-04-15T10:35:18+00:00","breadcrumb":{"@id":"http:\/\/development.ekokor.si\/de\/ueber-uns\/bio-certifikat\/#breadcrumb"},"inLanguage":"de","potentialAction":[{"@type":"ReadAction","target":["http:\/\/development.ekokor.si\/de\/ueber-uns\/bio-certifikat\/"]}]},{"@type":"BreadcrumbList","@id":"http:\/\/development.ekokor.si\/de\/ueber-uns\/bio-certifikat\/#breadcrumb","itemListElement":[{"@type":"ListItem","position":1,"name":"Home","item":"http:\/\/development.ekokor.si\/de\/"},{"@type":"ListItem","position":2,"name":"\u00dcber uns","item":"http:\/\/development.ekokor.si\/de\/ueber-uns\/"},{"@type":"ListItem","position":3,"name":"BIO CERTIFIKAT"}]}]}},"_links":{"self":[{"href":"http:\/\/development.ekokor.si\/de\/wp-json\/wp\/v2\/pages\/35130","targetHints":{"allow":["GET"]}}],"collection":[{"href":"http:\/\/development.ekokor.si\/de\/wp-json\/wp\/v2\/pages"}],"about":[{"href":"http:\/\/development.ekokor.si\/de\/wp-json\/wp\/v2\/types\/page"}],"author":[{"embeddable":true,"href":"http:\/\/development.ekokor.si\/de\/wp-json\/wp\/v2\/users\/3"}],"replies":[{"embeddable":true,"href":"http:\/\/development.ekokor.si\/de\/wp-json\/wp\/v2\/comments?post=35130"}],"version-history":[{"count":2,"href":"http:\/\/development.ekokor.si\/de\/wp-json\/wp\/v2\/pages\/35130\/revisions"}],"predecessor-version":[{"id":35132,"href":"http:\/\/development.ekokor.si\/de\/wp-json\/wp\/v2\/pages\/35130\/revisions\/35132"}],"up":[{"embeddable":true,"href":"http:\/\/development.ekokor.si\/de\/wp-json\/wp\/v2\/pages\/34922"}],"wp:attachment":[{"href":"http:\/\/development.ekokor.si\/de\/wp-json\/wp\/v2\/media?parent=35130"}],"curies":[{"name":"wp","href":"https:\/\/api.w.org\/{rel}","templated":true}]}}