{"id":35240,"date":"2022-06-09T10:08:01","date_gmt":"2022-06-09T08:08:01","guid":{"rendered":"http:\/\/development.ekokor.si\/?page_id=35240"},"modified":"2022-06-15T20:05:58","modified_gmt":"2022-06-15T18:05:58","slug":"allgemeine-geschaeftsbedingungen","status":"publish","type":"page","link":"http:\/\/development.ekokor.si\/de\/allgemeine-geschaeftsbedingungen\/","title":{"rendered":"Allgemeine Gesch\u00e4ftsbedingungen"},"content":{"rendered":"<p><b>Bestellung:<\/b><br \/>\nNach Absenden Ihrer Bestellung erhalten Sie per E-Mail eine Best\u00e4tigung Ihrer Bestellung. Mit der Bestellung geben Sie Ihr Einverst\u00e4ndnis zu diesen Allgemeinen Gesch\u00e4ftsbedingungen, sowie zu den ausgewiesenen Preisen. Die Bestellbest\u00e4tigung stellt keine Annahme Ihres Angebotes dar, sondern soll Sie nur dar\u00fcber informieren, dass Ihre Bestellung bei uns eingegangen ist. Der Vertrag kommt erst dann zustande, wenn wir das bestellte Produkt an Sie versenden und den Versand an Sie mit einer zweiten E-Mail  best\u00e4tigen. Sollten Ihrerseits Abweichungen gew\u00fcnscht werden, m\u00fcssen diese von uns schriftlich oder per E-Mail best\u00e4tigt werden.<\/p>\n<p><b>Lieferung:<\/b><br \/>\nWenn nicht anders vereinbart, erfolgt die Lieferung in der Regel innerhalb von 2 bis 5 Werktagen nach Eingang der Bestellung bzw. nach Eingang des Rechnungsbetrages bei Zahlungsweise &#8220;Vorauskasse&#8221; an die Rechnungsadresse, falls keine andere Lieferadresse angegeben wurde.<\/p>\n<p><strong>Versandspesen:<\/strong><br \/>\nAn Versandspesen  verrechnen wir f\u00fcr Lieferungen mit einem Warenwert<\/p>\n<p>bis \u20ac 49,90:  \u20ac 4,30  \u00d6sterreich, Deutschland, Italien, Schweiz<\/p>\n<p>ab \u20ac 50,&#8211; :  \u20ac 2,90 \u00d6sterreich, Deutschland, Italien, Schweiz<br \/>\nab \u20ac 100,&#8211;: \u20ac 0,00 \u00d6sterreich, Deutschland, Italien, Schweiz<\/p>\n<p>*) aufgrund des Shopsystems werden unabh\u00e4ngig vom Bestellwert immer die h\u00f6chsten Versandspesen verrechnet. Bei Bearbeitung der Bestellung kommen die oben angef\u00fchrten Versandspesen zur Anwendung.<\/p>\n<p>F\u00fcr Lieferung in alle anderen L\u00e4nder werden die anfallenden Kosten der Post oder anderer Paketdienste verrechnet. F\u00fcr Lieferungen in L\u00e4nder, die nicht dem EURO-Raum angeh\u00f6ren, behalten wir uns vor, die uns durch eine Bank\u00fcberweisung anfallenden Spesen von mindestens \u20ac 10,&#8211; zu verrechnen.<\/p>\n<p><b>Produkthaltbarkeit:<\/b><br \/>\nDie Produkte sind ab Produktionsdatum je nach Produkt ca. 6 Monate bis 2 Jahre haltbar und verf\u00fcgen \u00fcber Ihre vollen Eigenschaften. Bei Normalverkauf garantieren wir eine Haltbarkeit ab Lieferung von 6 Monaten bis zum Ablaufdatum. Die Haltbarkeit kann nur garantiert werden, wenn Sie die Produkte lichtgesch\u00fctzt, k\u00fchl und trocken lagern.<\/p>\n<p><b>Preise:<\/b><br \/>\nDie genannten Preise sind Gesamtpreise. Sie verstehen sich inklusive aller Steuern einschlie\u00dflich der slowenischen Umsatzsteuer aber ohne Versandkosten. Bei offensichtlichen Fehlern, z.B. Irrtum oder Schreibfehler, behalten wir uns vor, den korrekten Preis zu veranschlagen. In diesem Fall erhalten Sie ein unverz\u00fcgliches R\u00fccktrittsrecht.<\/p>\n<p><b>Bezahlung:<\/b><br \/>\nDie Bezahlung erfolgt erst nach erhalt der Ware oder Vorkasse.<\/p>\n<p><b>Eigentumsvorbehalt:<\/b><br \/>\nDie gelieferte Ware bleibt bis zur vollst\u00e4ndigen Bezahlung Eigentum der Firma EkoKor \/ Ambroz Korenjak, Inhaber einer erg\u00e4nzenden landwirtschaftlichen T\u00e4tigkeit.<\/p>\n<p><b>R\u00fccktrittsrecht \/ Widerrufsrecht:<\/b><br \/>\nSie haben das Recht, innerhalb von 2 Wochen nach Wareneingang Ihre Bestellung ohne Angabe von Gr\u00fcnden zu widerrufen und die erhaltenen Artikel an uns zu retournieren. Die Frist wird durch die rechtzeitige Absendung des Widerrufs gewahrt. Ausgeschlossen hiervon sind bereits ge\u00f6ffnete Produkte.<br \/>\nIhr Widerruf kann per Post oder E-Mail erfolgen. Senden Sie eine eindeutige Erkl\u00e4rung (Sie k\u00f6nnen dieses <a href=\"https:\/\/www.vital.co.at\/pics\/pdf\/Widerrufsformular.pdf\" target=\"_blank\" rel=\"noopener\">Muster-Widerrufsformular<\/a> verwenden) an: EkoKor, EkoKor \/ Ambroz Korenjak, Inhaber einer erg\u00e4nzenden landwirtschaftlichen T\u00e4tigkeit, Predoslje 102 b, 4000 Kranj, E-Mail: biocbd@ekokor.si. Nach erfolgtem Widerruf sind Sie zur vollst\u00e4ndigen R\u00fccksendung der Ware an die Adresse EkoKor \/ Ambroz Korenjak, Inhaber einer erg\u00e4nzenden landwirtschaftlichen T\u00e4tigkeit, Predoslje 102 b, 4000 Kranj, Slowenien verpflichtet.<\/p>\n<p><strong>Folgen des Widerrufs:<\/strong><br \/>\nWenn Sie diesen Vertrag widerrufen, haben wir Ihnen alle Zahlungen, die wir von Ihnen erhalten haben, einschlie\u00dflich der Versandkosten, nach ordnungsgem\u00e4\u00dfem Eingang der Waren, unverz\u00fcglich und sp\u00e4testens binnen vierzehn Tage nach Eingang der Ware r\u00fcckzuerstattet. Die Kosten der R\u00fccksendung sind von Ihnen zu tragen.<\/p>\n<p><b>Sonstiges:<\/b><br \/>\nDie Vertragssprache ist Deutsch.<\/p>\n<p>Alle Rechte an den verwendeten Texten, Fotos, Zeichnungen und der grafischen Gestaltung liegen bei EkoKor \/ Ambroz Korenjak, Inhaber einer erg\u00e4nzenden landwirtschaftlichen T\u00e4tigkeit. Jede Reproduktion oder sonstige Verwendung au\u00dfer zum pers\u00f6nlichen Gebrauch ist ohne unsere ausdr\u00fcckliche Zustimmung verboten.<\/p>\n<h1>Datenschutzerkl\u00e4rung<\/h1>\n<p>Wir verarbeiten Ihre Daten ausschlie\u00dflich auf Grundlage der gesetzlichen Bestimmungen (DSGVO, TKG 2003).<br \/>\nIn dieser Datenschutzinformationen informieren wir Sie \u00fcber die wichtigsten Aspekte der Datenverarbeitung im Rahmen unserer Website.<\/p>\n<p>Wenn Sie unsere Website besuchen, so brauchen Sie selbstverst\u00e4ndlich keine Angaben zu Ihrer Person zu machen, jedoch werden  Nutzungsdaten von dem jeweiligen Browser \u00fcbermittelt und in \u201aWebserver Logs\u2018 gespeichert. Diese werden automatisiert in Seitenabruf-Statistiken gewandelt (Verwendete Tools: webalizer bzw. awstats).<\/p>\n<p><strong><a href=\"https:\/\/www.vital.co.at\/cms\/datenschutzerklaerung.php#\">Cookie-Zustimmung widerrufen<\/a><\/strong><\/p>\n<h3>Kontakt mit uns<\/h3>\n<p>Wenn Sie per Formular auf der Website oder per E-Mail eine Anfrage ans uns richten, werden Ihre angegebenen Daten zwecks Bearbeitung der Anfrage und f\u00fcr den Fall von Anschlussfragen sechs Monate bei uns gespeichert. Diese Daten geben wir nicht ohne Ihre Einwilligung weiter.<\/p>\n<h3>Newsletter<\/h3>\n<p>Sie haben die M\u00f6glichkeit, \u00fcber unsere Website unseren Newsletter zu abonnieren. Hierf\u00fcr ben\u00f6tigen wir Ihren Namen und Ihre E-Mail-Adresse und Ihre Erkl\u00e4rung, dass Sie mit dem Bezug des Newsletters einverstanden sind. Sobald Sie sich f\u00fcr den Newsletter angemeldet haben, senden wir Ihnen ein Best\u00e4tigungs-E-Mail mit einem Link zur Best\u00e4tigung der Anmeldung.<\/p>\n<p>Das Abo des Newsletters k\u00f6nnen Sie jederzeit stornieren. Senden Sie Ihre Stornierung bitte an David Jagerhofer unter folgende E-Mail-Adresse: <a href=\"mailto:biocbd@ekokor.si\">biocbd@ekokor.si<\/a>. Wir l\u00f6schen anschlie\u00dfend umgehend Ihre Daten im Zusammenhang mit dem Newsletter-Versand.<\/p>\n<h3>Onlineeinkauf<\/h3>\n<p>Zum Zweck des einfacheren Einkaufsvorganges und zur sp\u00e4teren Vertragsabwicklung werden im Rahmen von Cookies die IP-Daten des Anschlussinhabers gespeichert ebenso Name, Rechnungs- und Lieferanschrift sowie E-Mail-Adresse und Telefonnummer. Die von Ihnen bereit gestellten Daten sind zur Vertragserf\u00fcllung bzw. zur Durchf\u00fchrung vorvertraglicher Ma\u00dfnahmen erforderlich. Ohne diese Daten k\u00f6nnen wir den Vertrag mit Ihnen nicht abschlie\u00dfen.<\/p>\n<p>Die von uns erhobenen personenbezogenen Daten werden im Rahmen der Vertragsabwicklung an das mit der Lieferung beauftragte Transportunternehmen weitergegeben, soweit dies zur Lieferung der Ware erforderlich ist.<\/p>\n<p>Ihre Daten werden f\u00fcr die Dauer der Vertragsabwicklung, oder gem\u00e4\u00df Ihrer gesonderten Einwilligung, jedenfalls f\u00fcr die Dauer die in den gesetzlichen, insbesondere handels- und steuerrechtliche Bestimmungen festgelegt sind, gespeichert.<\/p>\n<h3>Cookies<\/h3>\n<p>Unsere Website verwendet ein Session-Cookie, also ein Cookie, das automatisch gel\u00f6scht wird, nachdem Sie unsere Website wieder verlassen haben.<br \/>\nDas Session-Cookie dient vorrangig dem Spam-Schutz und dem Nutzer-Management (also der Administration), eventuell wird es auch f\u00fcr Captchas, Kommentar- oder Warenkorbfunktionen verwendet. Bei Nichtannahme von Cookies kann es daher zu Fehlfunktionen in diesen Bereichen kommen.<\/p>\n<h3>Dienste von Drittanbietern (Google)<\/h3>\n<p><span style=\"color: #000000;\">Auf unserer Website werden folgende Dienste von Google Inc. (1600 Amphitheatre Parkway Mountain View, CA 94043, USA) in Anspruch genommen:<\/span><\/p>\n<ul>\n<li><strong>Google Maps: <\/strong>Zur einfachen und komfortablen Darstellung von Landkarten.<br \/>\nDurch Verwendung dieser Funktion werden Daten an Google \u00fcbertragen. Welche Daten von Google erfasst und wof\u00fcr diese verwendet werden, k\u00f6nnen Sie auf https:\/\/www.google.com\/intl\/de\/policies\/privacy\/ nachlesen.<\/li>\n<li><strong>Google Fonts:<\/strong> Erm\u00f6glicht die Verwendung von freien Schriften zur modernen Gestaltung einer Website. Es erfolgt keine Authentisierung und es werden keine Cookies an die Google Fonts API gesendet. Google erfasst die Nutzung von CSS und der verwendeten Fonts und speichert diese Daten. Mehr zu diesem Thema finden Sie auf https:\/\/developers.google.com\/fonts\/faq.<\/li>\n<\/ul>\n<h2>Ihre Rechte<\/h2>\n<p>Sie haben jederzeit das Recht auf Auskunft bez\u00fcglich Ihrer personenbezogenen Daten. Soweit keine gesetzliche Aufbewahrungspflicht besteht, haben Sie das Recht auf L\u00f6schung dieser Daten sowie Widerspruch gegen die Verarbeitung.<\/p>\n<h4>Sie erreichen uns unter folgenden Kontaktdaten:<\/h4>\n<p>EkoKor \/ Ambroz Korenjak, Inhaber einer erg\u00e4nzenden landwirtschaftlichen T\u00e4tigkeit.<\/p>\n<p>Predoslje 102 b<br \/>\n4000 Kranj<br \/>\n<a href=\"https:\/\/www.vital.co.at\/\">www.ekokor.si<\/a><br \/>\nbiocbd@ekokor.si<\/p>\n<p>+49 1522 7001626<\/p>\n","protected":false},"excerpt":{"rendered":"<p>Bestellung: Nach Absenden Ihrer Bestellung erhalten Sie per E-Mail eine Best\u00e4tigung Ihrer Bestellung. Mit der Bestellung geben Sie Ihr Einverst\u00e4ndnis&#8230;<\/p>\n","protected":false},"author":3,"featured_media":0,"parent":0,"menu_order":0,"comment_status":"closed","ping_status":"closed","template":"","meta":{"footnotes":""},"class_list":["post-35240","page","type-page","status-publish"],"acf":[],"yoast_head":"<!-- This site is optimized with the Yoast SEO plugin v19.4 - https:\/\/yoast.com\/wordpress\/plugins\/seo\/ -->\n<title>Allgemeine Gesch\u00e4ftsbedingungen - Ekokor - Slovenski Ekolo\u0161ki izdelki iz konoplje<\/title>\n<meta name=\"robots\" content=\"noindex, follow, max-snippet:-1, max-image-preview:large, max-video-preview:-1\" \/>\n<meta property=\"og:locale\" content=\"de_DE\" \/>\n<meta property=\"og:type\" content=\"article\" \/>\n<meta property=\"og:title\" content=\"Allgemeine Gesch\u00e4ftsbedingungen - Ekokor - Slovenski Ekolo\u0161ki izdelki iz konoplje\" \/>\n<meta property=\"og:description\" content=\"Bestellung: Nach Absenden Ihrer Bestellung erhalten Sie per E-Mail eine Best\u00e4tigung Ihrer Bestellung. Mit der Bestellung geben Sie Ihr Einverst\u00e4ndnis...\" \/>\n<meta property=\"og:url\" content=\"http:\/\/development.ekokor.si\/de\/allgemeine-geschaeftsbedingungen\/\" \/>\n<meta property=\"og:site_name\" content=\"Ekokor - Slovenski Ekolo\u0161ki izdelki iz konoplje\" \/>\n<meta property=\"article:publisher\" content=\"https:\/\/www.facebook.com\/ekokor99\/\" \/>\n<meta property=\"article:modified_time\" content=\"2022-06-15T18:05:58+00:00\" \/>\n<meta name=\"twitter:card\" content=\"summary_large_image\" \/>\n<meta name=\"twitter:label1\" content=\"Gesch\u00e4tzte Lesezeit\" \/>\n\t<meta name=\"twitter:data1\" content=\"7\u00a0Minuten\" \/>\n<script type=\"application\/ld+json\" class=\"yoast-schema-graph\">{\"@context\":\"https:\/\/schema.org\",\"@graph\":[{\"@type\":\"Organization\",\"@id\":\"http:\/\/development.ekokor.si\/#organization\",\"name\":\"Ekokor - slovenski ekolo\u0161ki izdelki iz konoplje\",\"url\":\"http:\/\/development.ekokor.si\/\",\"sameAs\":[\"https:\/\/www.facebook.com\/ekokor99\/\"],\"logo\":{\"@type\":\"ImageObject\",\"inLanguage\":\"de\",\"@id\":\"http:\/\/development.ekokor.si\/#\/schema\/logo\/image\/\",\"url\":\"http:\/\/development.ekokor.si\/wp-content\/uploads\/2019\/08\/ekokog_logo.png\",\"contentUrl\":\"http:\/\/development.ekokor.si\/wp-content\/uploads\/2019\/08\/ekokog_logo.png\",\"width\":221,\"height\":296,\"caption\":\"Ekokor - slovenski ekolo\u0161ki izdelki iz konoplje\"},\"image\":{\"@id\":\"http:\/\/development.ekokor.si\/#\/schema\/logo\/image\/\"}},{\"@type\":\"WebSite\",\"@id\":\"http:\/\/development.ekokor.si\/#website\",\"url\":\"http:\/\/development.ekokor.si\/\",\"name\":\"Ekokor - Slovenski Ekolo\u0161ki izdelki iz konoplje\",\"description\":\"Spletna trgovina ekolo\u0161ke kmetije pr&#039; \u0160majd\",\"publisher\":{\"@id\":\"http:\/\/development.ekokor.si\/#organization\"},\"potentialAction\":[{\"@type\":\"SearchAction\",\"target\":{\"@type\":\"EntryPoint\",\"urlTemplate\":\"http:\/\/development.ekokor.si\/?s={search_term_string}\"},\"query-input\":\"required name=search_term_string\"}],\"inLanguage\":\"de\"},{\"@type\":\"WebPage\",\"@id\":\"http:\/\/development.ekokor.si\/de\/allgemeine-geschaeftsbedingungen\/\",\"url\":\"http:\/\/development.ekokor.si\/de\/allgemeine-geschaeftsbedingungen\/\",\"name\":\"Allgemeine Gesch\u00e4ftsbedingungen - Ekokor - Slovenski Ekolo\u0161ki izdelki iz konoplje\",\"isPartOf\":{\"@id\":\"http:\/\/development.ekokor.si\/#website\"},\"datePublished\":\"2022-06-09T08:08:01+00:00\",\"dateModified\":\"2022-06-15T18:05:58+00:00\",\"breadcrumb\":{\"@id\":\"http:\/\/development.ekokor.si\/de\/allgemeine-geschaeftsbedingungen\/#breadcrumb\"},\"inLanguage\":\"de\",\"potentialAction\":[{\"@type\":\"ReadAction\",\"target\":[\"http:\/\/development.ekokor.si\/de\/allgemeine-geschaeftsbedingungen\/\"]}]},{\"@type\":\"BreadcrumbList\",\"@id\":\"http:\/\/development.ekokor.si\/de\/allgemeine-geschaeftsbedingungen\/#breadcrumb\",\"itemListElement\":[{\"@type\":\"ListItem\",\"position\":1,\"name\":\"Home\",\"item\":\"http:\/\/development.ekokor.si\/de\/\"},{\"@type\":\"ListItem\",\"position\":2,\"name\":\"Allgemeine Gesch\u00e4ftsbedingungen\"}]}]}<\/script>\n<!-- \/ Yoast SEO plugin. -->","yoast_head_json":{"title":"Allgemeine Gesch\u00e4ftsbedingungen - Ekokor - Slovenski Ekolo\u0161ki izdelki iz konoplje","robots":{"index":"noindex","follow":"follow","max-snippet":"max-snippet:-1","max-image-preview":"max-image-preview:large","max-video-preview":"max-video-preview:-1"},"og_locale":"de_DE","og_type":"article","og_title":"Allgemeine Gesch\u00e4ftsbedingungen - Ekokor - Slovenski Ekolo\u0161ki izdelki iz konoplje","og_description":"Bestellung: Nach Absenden Ihrer Bestellung erhalten Sie per E-Mail eine Best\u00e4tigung Ihrer Bestellung. Mit der Bestellung geben Sie Ihr Einverst\u00e4ndnis...","og_url":"http:\/\/development.ekokor.si\/de\/allgemeine-geschaeftsbedingungen\/","og_site_name":"Ekokor - Slovenski Ekolo\u0161ki izdelki iz konoplje","article_publisher":"https:\/\/www.facebook.com\/ekokor99\/","article_modified_time":"2022-06-15T18:05:58+00:00","twitter_card":"summary_large_image","twitter_misc":{"Gesch\u00e4tzte Lesezeit":"7\u00a0Minuten"},"schema":{"@context":"https:\/\/schema.org","@graph":[{"@type":"Organization","@id":"http:\/\/development.ekokor.si\/#organization","name":"Ekokor - slovenski ekolo\u0161ki izdelki iz konoplje","url":"http:\/\/development.ekokor.si\/","sameAs":["https:\/\/www.facebook.com\/ekokor99\/"],"logo":{"@type":"ImageObject","inLanguage":"de","@id":"http:\/\/development.ekokor.si\/#\/schema\/logo\/image\/","url":"http:\/\/development.ekokor.si\/wp-content\/uploads\/2019\/08\/ekokog_logo.png","contentUrl":"http:\/\/development.ekokor.si\/wp-content\/uploads\/2019\/08\/ekokog_logo.png","width":221,"height":296,"caption":"Ekokor - slovenski ekolo\u0161ki izdelki iz konoplje"},"image":{"@id":"http:\/\/development.ekokor.si\/#\/schema\/logo\/image\/"}},{"@type":"WebSite","@id":"http:\/\/development.ekokor.si\/#website","url":"http:\/\/development.ekokor.si\/","name":"Ekokor - Slovenski Ekolo\u0161ki izdelki iz konoplje","description":"Spletna trgovina ekolo\u0161ke kmetije pr&#039; \u0160majd","publisher":{"@id":"http:\/\/development.ekokor.si\/#organization"},"potentialAction":[{"@type":"SearchAction","target":{"@type":"EntryPoint","urlTemplate":"http:\/\/development.ekokor.si\/?s={search_term_string}"},"query-input":"required name=search_term_string"}],"inLanguage":"de"},{"@type":"WebPage","@id":"http:\/\/development.ekokor.si\/de\/allgemeine-geschaeftsbedingungen\/","url":"http:\/\/development.ekokor.si\/de\/allgemeine-geschaeftsbedingungen\/","name":"Allgemeine Gesch\u00e4ftsbedingungen - Ekokor - Slovenski Ekolo\u0161ki izdelki iz konoplje","isPartOf":{"@id":"http:\/\/development.ekokor.si\/#website"},"datePublished":"2022-06-09T08:08:01+00:00","dateModified":"2022-06-15T18:05:58+00:00","breadcrumb":{"@id":"http:\/\/development.ekokor.si\/de\/allgemeine-geschaeftsbedingungen\/#breadcrumb"},"inLanguage":"de","potentialAction":[{"@type":"ReadAction","target":["http:\/\/development.ekokor.si\/de\/allgemeine-geschaeftsbedingungen\/"]}]},{"@type":"BreadcrumbList","@id":"http:\/\/development.ekokor.si\/de\/allgemeine-geschaeftsbedingungen\/#breadcrumb","itemListElement":[{"@type":"ListItem","position":1,"name":"Home","item":"http:\/\/development.ekokor.si\/de\/"},{"@type":"ListItem","position":2,"name":"Allgemeine Gesch\u00e4ftsbedingungen"}]}]}},"_links":{"self":[{"href":"http:\/\/development.ekokor.si\/de\/wp-json\/wp\/v2\/pages\/35240","targetHints":{"allow":["GET"]}}],"collection":[{"href":"http:\/\/development.ekokor.si\/de\/wp-json\/wp\/v2\/pages"}],"about":[{"href":"http:\/\/development.ekokor.si\/de\/wp-json\/wp\/v2\/types\/page"}],"author":[{"embeddable":true,"href":"http:\/\/development.ekokor.si\/de\/wp-json\/wp\/v2\/users\/3"}],"replies":[{"embeddable":true,"href":"http:\/\/development.ekokor.si\/de\/wp-json\/wp\/v2\/comments?post=35240"}],"version-history":[{"count":5,"href":"http:\/\/development.ekokor.si\/de\/wp-json\/wp\/v2\/pages\/35240\/revisions"}],"predecessor-version":[{"id":35389,"href":"http:\/\/development.ekokor.si\/de\/wp-json\/wp\/v2\/pages\/35240\/revisions\/35389"}],"wp:attachment":[{"href":"http:\/\/development.ekokor.si\/de\/wp-json\/wp\/v2\/media?parent=35240"}],"curies":[{"name":"wp","href":"https:\/\/api.w.org\/{rel}","templated":true}]}}