{"id":34939,"date":"2021-01-06T16:27:46","date_gmt":"2021-01-06T15:27:46","guid":{"rendered":"http:\/\/development.ekokor.si\/trgovina\/bio-cbd-kapljice-za-pse\/"},"modified":"2022-08-10T09:29:02","modified_gmt":"2022-08-10T07:29:02","slug":"bio-cbd-oel-fuer-tiere-3-450-mg-cbd-vollspektrum-xl-15-ml","status":"publish","type":"product","link":"http:\/\/development.ekokor.si\/de\/trgovina\/bio-cbd-oel-fuer-tiere-3-450-mg-cbd-vollspektrum-xl-15-ml\/","title":{"rendered":"BIO CBD-\u00d6L F\u00dcR TIERE, 3% (450 mg CBD) \u2013 VOLLSPEKTRUM \u2013 XL 15 ML"},"content":{"rendered":"","protected":false},"excerpt":{"rendered":"<p>Hohe Qualit\u00e4t:<\/p>\n<ul>\n<li>Bio-zertifiziertes<\/li>\n<li>CBD-\u00d6l, das ein volles Spektrum an Cannabinoiden enth\u00e4lt (ohne Zusatz von synthetischem oder CBD-Isolat)<\/li>\n<li>hergestellt aus handverlesenem und ausgew\u00e4hltem Hanf<\/li>\n<li>professionell durchgef\u00fchrte Ethanol-Extraktion<\/li>\n<li>von einem akkreditierten Labor analysiert<\/li>\n<\/ul>\n<p>Kostenloser Versand f\u00fcr Eink\u00e4ufe \u00fcber 50,00 EUR.<\/p>\n<p>Sie sind jederzeit herzlich willkommen, uns auf unserem Bauernhof zu besuchen.<\/p>\n<p>&nbsp;<\/p>\n","protected":false},"featured_media":34935,"template":"","meta":[],"product_cat":[163],"product_tag":[],"class_list":{"0":"post-34939","1":"product","2":"type-product","3":"status-publish","4":"has-post-thumbnail","6":"product_cat-cbd-tropfen"},"acf":[],"yoast_head":"<!-- This site is optimized with the Yoast SEO plugin v19.4 - https:\/\/yoast.com\/wordpress\/plugins\/seo\/ -->\n<title>BIO CBD-\u00d6L F\u00dcR TIERE, 3% (450 mg CBD) \u2013 VOLLSPEKTRUM \u2013 XL 15 ML - Ekokor - Slovenski Ekolo\u0161ki izdelki iz konoplje<\/title>\n<meta name=\"robots\" content=\"noindex, follow, max-snippet:-1, max-image-preview:large, max-video-preview:-1\" \/>\n<meta property=\"og:locale\" content=\"de_DE\" \/>\n<meta property=\"og:type\" content=\"article\" \/>\n<meta property=\"og:title\" content=\"BIO CBD-\u00d6L F\u00dcR TIERE, 3% (450 mg CBD) \u2013 VOLLSPEKTRUM \u2013 XL 15 ML - Ekokor - Slovenski Ekolo\u0161ki izdelki iz konoplje\" \/>\n<meta property=\"og:description\" content=\"Hohe Qualit\u00e4t:   Bio-zertifiziertes  CBD-\u00d6l, das ein volles Spektrum an Cannabinoiden enth\u00e4lt (ohne Zusatz von synthetischem oder CBD-Isolat)  hergestellt aus handverlesenem und ausgew\u00e4hltem Hanf  professionell durchgef\u00fchrte Ethanol-Extraktion  von einem akkreditierten Labor analysiert  Kostenloser Versand f\u00fcr Eink\u00e4ufe \u00fcber 50,00 EUR.  Sie sind jederzeit herzlich willkommen, uns auf unserem Bauernhof zu besuchen.  &nbsp;\" \/>\n<meta property=\"og:url\" content=\"http:\/\/development.ekokor.si\/de\/trgovina\/bio-cbd-oel-fuer-tiere-3-450-mg-cbd-vollspektrum-xl-15-ml\/\" \/>\n<meta property=\"og:site_name\" content=\"Ekokor - Slovenski Ekolo\u0161ki izdelki iz konoplje\" \/>\n<meta property=\"article:publisher\" content=\"https:\/\/www.facebook.com\/ekokor99\/\" \/>\n<meta property=\"article:modified_time\" content=\"2022-08-10T07:29:02+00:00\" \/>\n<meta property=\"og:image\" content=\"http:\/\/development.ekokor.si\/wp-content\/uploads\/2021\/01\/ekokor-SBD-dogs-de.jpg\" \/>\n\t<meta property=\"og:image:width\" content=\"1080\" \/>\n\t<meta property=\"og:image:height\" content=\"1080\" \/>\n\t<meta property=\"og:image:type\" content=\"image\/jpeg\" \/>\n<meta name=\"twitter:card\" content=\"summary_large_image\" \/>\n<script type=\"application\/ld+json\" class=\"yoast-schema-graph\">{\"@context\":\"https:\/\/schema.org\",\"@graph\":[{\"@type\":\"Organization\",\"@id\":\"http:\/\/development.ekokor.si\/#organization\",\"name\":\"Ekokor - slovenski ekolo\u0161ki izdelki iz konoplje\",\"url\":\"http:\/\/development.ekokor.si\/\",\"sameAs\":[\"https:\/\/www.facebook.com\/ekokor99\/\"],\"logo\":{\"@type\":\"ImageObject\",\"inLanguage\":\"de\",\"@id\":\"http:\/\/development.ekokor.si\/#\/schema\/logo\/image\/\",\"url\":\"http:\/\/development.ekokor.si\/wp-content\/uploads\/2019\/08\/ekokog_logo.png\",\"contentUrl\":\"http:\/\/development.ekokor.si\/wp-content\/uploads\/2019\/08\/ekokog_logo.png\",\"width\":221,\"height\":296,\"caption\":\"Ekokor - slovenski ekolo\u0161ki izdelki iz konoplje\"},\"image\":{\"@id\":\"http:\/\/development.ekokor.si\/#\/schema\/logo\/image\/\"}},{\"@type\":\"WebSite\",\"@id\":\"http:\/\/development.ekokor.si\/#website\",\"url\":\"http:\/\/development.ekokor.si\/\",\"name\":\"Ekokor - Slovenski Ekolo\u0161ki izdelki iz konoplje\",\"description\":\"Spletna trgovina ekolo\u0161ke kmetije pr&#039; \u0160majd\",\"publisher\":{\"@id\":\"http:\/\/development.ekokor.si\/#organization\"},\"potentialAction\":[{\"@type\":\"SearchAction\",\"target\":{\"@type\":\"EntryPoint\",\"urlTemplate\":\"http:\/\/development.ekokor.si\/?s={search_term_string}\"},\"query-input\":\"required name=search_term_string\"}],\"inLanguage\":\"de\"},{\"@type\":\"WebPage\",\"@id\":\"http:\/\/development.ekokor.si\/de\/trgovina\/bio-cbd-oel-fuer-tiere-3-450-mg-cbd-vollspektrum-xl-15-ml\/\",\"url\":\"http:\/\/development.ekokor.si\/de\/trgovina\/bio-cbd-oel-fuer-tiere-3-450-mg-cbd-vollspektrum-xl-15-ml\/\",\"name\":\"BIO CBD-\u00d6L F\u00dcR TIERE, 3% (450 mg CBD) \u2013 VOLLSPEKTRUM \u2013 XL 15 ML - Ekokor - Slovenski Ekolo\u0161ki izdelki iz konoplje\",\"isPartOf\":{\"@id\":\"http:\/\/development.ekokor.si\/#website\"},\"datePublished\":\"2021-01-06T15:27:46+00:00\",\"dateModified\":\"2022-08-10T07:29:02+00:00\",\"breadcrumb\":{\"@id\":\"http:\/\/development.ekokor.si\/de\/trgovina\/bio-cbd-oel-fuer-tiere-3-450-mg-cbd-vollspektrum-xl-15-ml\/#breadcrumb\"},\"inLanguage\":\"de\",\"potentialAction\":[{\"@type\":\"ReadAction\",\"target\":[\"http:\/\/development.ekokor.si\/de\/trgovina\/bio-cbd-oel-fuer-tiere-3-450-mg-cbd-vollspektrum-xl-15-ml\/\"]}]},{\"@type\":\"BreadcrumbList\",\"@id\":\"http:\/\/development.ekokor.si\/de\/trgovina\/bio-cbd-oel-fuer-tiere-3-450-mg-cbd-vollspektrum-xl-15-ml\/#breadcrumb\",\"itemListElement\":[{\"@type\":\"ListItem\",\"position\":1,\"name\":\"Home\",\"item\":\"http:\/\/development.ekokor.si\/de\/\"},{\"@type\":\"ListItem\",\"position\":2,\"name\":\"Shop\",\"item\":\"http:\/\/development.ekokor.si\/de\/shop\/\"},{\"@type\":\"ListItem\",\"position\":3,\"name\":\"BIO CBD-\u00d6L F\u00dcR TIERE, 3% (450 mg CBD) \u2013 VOLLSPEKTRUM \u2013 XL 15 ML\"}]}]}<\/script>\n<!-- \/ Yoast SEO plugin. -->","yoast_head_json":{"title":"BIO CBD-\u00d6L F\u00dcR TIERE, 3% (450 mg CBD) \u2013 VOLLSPEKTRUM \u2013 XL 15 ML - Ekokor - Slovenski Ekolo\u0161ki izdelki iz konoplje","robots":{"index":"noindex","follow":"follow","max-snippet":"max-snippet:-1","max-image-preview":"max-image-preview:large","max-video-preview":"max-video-preview:-1"},"og_locale":"de_DE","og_type":"article","og_title":"BIO CBD-\u00d6L F\u00dcR TIERE, 3% (450 mg CBD) \u2013 VOLLSPEKTRUM \u2013 XL 15 ML - Ekokor - Slovenski Ekolo\u0161ki izdelki iz konoplje","og_description":"Hohe Qualit\u00e4t:   Bio-zertifiziertes  CBD-\u00d6l, das ein volles Spektrum an Cannabinoiden enth\u00e4lt (ohne Zusatz von synthetischem oder CBD-Isolat)  hergestellt aus handverlesenem und ausgew\u00e4hltem Hanf  professionell durchgef\u00fchrte Ethanol-Extraktion  von einem akkreditierten Labor analysiert  Kostenloser Versand f\u00fcr Eink\u00e4ufe \u00fcber 50,00 EUR.  Sie sind jederzeit herzlich willkommen, uns auf unserem Bauernhof zu besuchen.  &nbsp;","og_url":"http:\/\/development.ekokor.si\/de\/trgovina\/bio-cbd-oel-fuer-tiere-3-450-mg-cbd-vollspektrum-xl-15-ml\/","og_site_name":"Ekokor - Slovenski Ekolo\u0161ki izdelki iz konoplje","article_publisher":"https:\/\/www.facebook.com\/ekokor99\/","article_modified_time":"2022-08-10T07:29:02+00:00","og_image":[{"width":1080,"height":1080,"url":"http:\/\/development.ekokor.si\/wp-content\/uploads\/2021\/01\/ekokor-SBD-dogs-de.jpg","type":"image\/jpeg"}],"twitter_card":"summary_large_image","schema":{"@context":"https:\/\/schema.org","@graph":[{"@type":"Organization","@id":"http:\/\/development.ekokor.si\/#organization","name":"Ekokor - slovenski ekolo\u0161ki izdelki iz konoplje","url":"http:\/\/development.ekokor.si\/","sameAs":["https:\/\/www.facebook.com\/ekokor99\/"],"logo":{"@type":"ImageObject","inLanguage":"de","@id":"http:\/\/development.ekokor.si\/#\/schema\/logo\/image\/","url":"http:\/\/development.ekokor.si\/wp-content\/uploads\/2019\/08\/ekokog_logo.png","contentUrl":"http:\/\/development.ekokor.si\/wp-content\/uploads\/2019\/08\/ekokog_logo.png","width":221,"height":296,"caption":"Ekokor - slovenski ekolo\u0161ki izdelki iz konoplje"},"image":{"@id":"http:\/\/development.ekokor.si\/#\/schema\/logo\/image\/"}},{"@type":"WebSite","@id":"http:\/\/development.ekokor.si\/#website","url":"http:\/\/development.ekokor.si\/","name":"Ekokor - Slovenski Ekolo\u0161ki izdelki iz konoplje","description":"Spletna trgovina ekolo\u0161ke kmetije pr&#039; \u0160majd","publisher":{"@id":"http:\/\/development.ekokor.si\/#organization"},"potentialAction":[{"@type":"SearchAction","target":{"@type":"EntryPoint","urlTemplate":"http:\/\/development.ekokor.si\/?s={search_term_string}"},"query-input":"required name=search_term_string"}],"inLanguage":"de"},{"@type":"WebPage","@id":"http:\/\/development.ekokor.si\/de\/trgovina\/bio-cbd-oel-fuer-tiere-3-450-mg-cbd-vollspektrum-xl-15-ml\/","url":"http:\/\/development.ekokor.si\/de\/trgovina\/bio-cbd-oel-fuer-tiere-3-450-mg-cbd-vollspektrum-xl-15-ml\/","name":"BIO CBD-\u00d6L F\u00dcR TIERE, 3% (450 mg CBD) \u2013 VOLLSPEKTRUM \u2013 XL 15 ML - Ekokor - Slovenski Ekolo\u0161ki izdelki iz konoplje","isPartOf":{"@id":"http:\/\/development.ekokor.si\/#website"},"datePublished":"2021-01-06T15:27:46+00:00","dateModified":"2022-08-10T07:29:02+00:00","breadcrumb":{"@id":"http:\/\/development.ekokor.si\/de\/trgovina\/bio-cbd-oel-fuer-tiere-3-450-mg-cbd-vollspektrum-xl-15-ml\/#breadcrumb"},"inLanguage":"de","potentialAction":[{"@type":"ReadAction","target":["http:\/\/development.ekokor.si\/de\/trgovina\/bio-cbd-oel-fuer-tiere-3-450-mg-cbd-vollspektrum-xl-15-ml\/"]}]},{"@type":"BreadcrumbList","@id":"http:\/\/development.ekokor.si\/de\/trgovina\/bio-cbd-oel-fuer-tiere-3-450-mg-cbd-vollspektrum-xl-15-ml\/#breadcrumb","itemListElement":[{"@type":"ListItem","position":1,"name":"Home","item":"http:\/\/development.ekokor.si\/de\/"},{"@type":"ListItem","position":2,"name":"Shop","item":"http:\/\/development.ekokor.si\/de\/shop\/"},{"@type":"ListItem","position":3,"name":"BIO CBD-\u00d6L F\u00dcR TIERE, 3% (450 mg CBD) \u2013 VOLLSPEKTRUM \u2013 XL 15 ML"}]}]}},"_links":{"self":[{"href":"http:\/\/development.ekokor.si\/de\/wp-json\/wp\/v2\/product\/34939","targetHints":{"allow":["GET"]}}],"collection":[{"href":"http:\/\/development.ekokor.si\/de\/wp-json\/wp\/v2\/product"}],"about":[{"href":"http:\/\/development.ekokor.si\/de\/wp-json\/wp\/v2\/types\/product"}],"wp:featuredmedia":[{"embeddable":true,"href":"http:\/\/development.ekokor.si\/de\/wp-json\/wp\/v2\/media\/34935"}],"wp:attachment":[{"href":"http:\/\/development.ekokor.si\/de\/wp-json\/wp\/v2\/media?parent=34939"}],"wp:term":[{"taxonomy":"product_cat","embeddable":true,"href":"http:\/\/development.ekokor.si\/de\/wp-json\/wp\/v2\/product_cat?post=34939"},{"taxonomy":"product_tag","embeddable":true,"href":"http:\/\/development.ekokor.si\/de\/wp-json\/wp\/v2\/product_tag?post=34939"}],"curies":[{"name":"wp","href":"https:\/\/api.w.org\/{rel}","templated":true}]}}