{"id":34959,"date":"2021-06-18T23:13:33","date_gmt":"2021-06-18T21:13:33","guid":{"rendered":"http:\/\/development.ekokor.si\/trgovina\/cbd-kapljice-10-1500-mg-cbd-xl-15-ml\/"},"modified":"2022-07-09T22:27:06","modified_gmt":"2022-07-09T20:27:06","slug":"cbd-tropfen-10-1500-mg-cbd-xl-15-ml-breites-spektrum","status":"publish","type":"product","link":"http:\/\/development.ekokor.si\/de\/trgovina\/cbd-tropfen-10-1500-mg-cbd-xl-15-ml-breites-spektrum\/","title":{"rendered":"CBD Tropfen 10% (1500 mg CBD) \u2013 XL (15 ml) &#8211; Breites Spektrum"},"content":{"rendered":"","protected":false},"excerpt":{"rendered":"<p><strong>Die XL-Flasche mit 10% BIO CBD Tropfen enth\u00e4lt 15 ml (1500 mg CBD) und nicht 10 ml (1000 mg CBD).<\/strong><\/p>\n<h2>10% CBD Tropfen EkoKor sind sind hochwertig. Warum?<\/h2>\n<p>CBD-Tropfen, die mehr als 5 % CBD enthalten, werden in der Regel nur aus CBD-Isolat hergestellt, das verschiedenen \u00d6len beigemischt wird.<\/p>\n<p>10% CBD Tropfen EkoKor werden aus biologisch zertifizierten 5% BIO CBD Tropfen EkoKor Vollspektrum (enthalten alle Wirkstoffe der Cannabispflanze) hergestellt. Diesen Tropfen wird nur eine kleine Menge CBD-Isolat zugesetzt, um eine Konzentration von 10% CBD zu erreichen und sie sind daher nachweislich wirksamer.<\/p>\n<p>Kostenloser Versand f\u00fcr Eink\u00e4ufe \u00fcber 50,00 EUR.<\/p>\n<h2>Sie sind jederzeit herzlich willkommen, uns auf unserem Bauernhof zu besuchen.<\/h2>\n<p>&nbsp;<\/p>\n","protected":false},"featured_media":34891,"template":"","meta":[],"product_cat":[163,162],"product_tag":[],"class_list":{"0":"post-34959","1":"product","2":"type-product","3":"status-publish","4":"has-post-thumbnail","6":"product_cat-cbd-tropfen","7":"product_cat-nekategorizirano-de"},"acf":[],"yoast_head":"<!-- This site is optimized with the Yoast SEO plugin v19.4 - https:\/\/yoast.com\/wordpress\/plugins\/seo\/ -->\n<title>CBD Kapljice 5% I Kontrolirano Ekolo\u0161ko poreklo @Ekokor<\/title>\n<meta name=\"description\" content=\"CBD Kapljice 5% Ekolo\u0161ka kakovost I Ugodna cena I Polni spekter kanabinoidov I slovensko poreklo Ro\u010dno nabrana eko konoplja I Brez sledi strupenih plevelov\" \/>\n<meta name=\"robots\" content=\"noindex, follow, max-snippet:-1, max-image-preview:large, max-video-preview:-1\" \/>\n<meta property=\"og:locale\" content=\"de_DE\" \/>\n<meta property=\"og:type\" content=\"article\" \/>\n<meta property=\"og:title\" content=\"CBD Kapljice 5% I Kontrolirano Ekolo\u0161ko poreklo @Ekokor\" \/>\n<meta property=\"og:description\" content=\"CBD Kapljice 5% Ekolo\u0161ka kakovost I Ugodna cena I Polni spekter kanabinoidov I slovensko poreklo Ro\u010dno nabrana eko konoplja I Brez sledi strupenih plevelov\" \/>\n<meta property=\"og:url\" content=\"http:\/\/development.ekokor.si\/de\/trgovina\/cbd-tropfen-10-1500-mg-cbd-xl-15-ml-breites-spektrum\/\" \/>\n<meta property=\"og:site_name\" content=\"Ekokor - Slovenski Ekolo\u0161ki izdelki iz konoplje\" \/>\n<meta property=\"article:publisher\" content=\"https:\/\/www.facebook.com\/ekokor99\/\" \/>\n<meta property=\"article:modified_time\" content=\"2022-07-09T20:27:06+00:00\" \/>\n<meta property=\"og:image\" content=\"http:\/\/development.ekokor.si\/wp-content\/uploads\/2022\/04\/ekokor-CBD-10-de-4.jpg\" \/>\n\t<meta property=\"og:image:width\" content=\"1080\" \/>\n\t<meta property=\"og:image:height\" content=\"1080\" \/>\n\t<meta property=\"og:image:type\" content=\"image\/jpeg\" \/>\n<meta name=\"twitter:card\" content=\"summary_large_image\" \/>\n<script type=\"application\/ld+json\" class=\"yoast-schema-graph\">{\"@context\":\"https:\/\/schema.org\",\"@graph\":[{\"@type\":\"Organization\",\"@id\":\"http:\/\/development.ekokor.si\/#organization\",\"name\":\"Ekokor - slovenski ekolo\u0161ki izdelki iz konoplje\",\"url\":\"http:\/\/development.ekokor.si\/\",\"sameAs\":[\"https:\/\/www.facebook.com\/ekokor99\/\"],\"logo\":{\"@type\":\"ImageObject\",\"inLanguage\":\"de\",\"@id\":\"http:\/\/development.ekokor.si\/#\/schema\/logo\/image\/\",\"url\":\"http:\/\/development.ekokor.si\/wp-content\/uploads\/2019\/08\/ekokog_logo.png\",\"contentUrl\":\"http:\/\/development.ekokor.si\/wp-content\/uploads\/2019\/08\/ekokog_logo.png\",\"width\":221,\"height\":296,\"caption\":\"Ekokor - slovenski ekolo\u0161ki izdelki iz konoplje\"},\"image\":{\"@id\":\"http:\/\/development.ekokor.si\/#\/schema\/logo\/image\/\"}},{\"@type\":\"WebSite\",\"@id\":\"http:\/\/development.ekokor.si\/#website\",\"url\":\"http:\/\/development.ekokor.si\/\",\"name\":\"Ekokor - Slovenski Ekolo\u0161ki izdelki iz konoplje\",\"description\":\"Spletna trgovina ekolo\u0161ke kmetije pr&#039; \u0160majd\",\"publisher\":{\"@id\":\"http:\/\/development.ekokor.si\/#organization\"},\"potentialAction\":[{\"@type\":\"SearchAction\",\"target\":{\"@type\":\"EntryPoint\",\"urlTemplate\":\"http:\/\/development.ekokor.si\/?s={search_term_string}\"},\"query-input\":\"required name=search_term_string\"}],\"inLanguage\":\"de\"},{\"@type\":\"WebPage\",\"@id\":\"http:\/\/development.ekokor.si\/de\/trgovina\/cbd-tropfen-10-1500-mg-cbd-xl-15-ml-breites-spektrum\/\",\"url\":\"http:\/\/development.ekokor.si\/de\/trgovina\/cbd-tropfen-10-1500-mg-cbd-xl-15-ml-breites-spektrum\/\",\"name\":\"CBD Kapljice 5% I Kontrolirano Ekolo\u0161ko poreklo @Ekokor\",\"isPartOf\":{\"@id\":\"http:\/\/development.ekokor.si\/#website\"},\"datePublished\":\"2021-06-18T21:13:33+00:00\",\"dateModified\":\"2022-07-09T20:27:06+00:00\",\"description\":\"CBD Kapljice 5% Ekolo\u0161ka kakovost I Ugodna cena I Polni spekter kanabinoidov I slovensko poreklo Ro\u010dno nabrana eko konoplja I Brez sledi strupenih plevelov\",\"breadcrumb\":{\"@id\":\"http:\/\/development.ekokor.si\/de\/trgovina\/cbd-tropfen-10-1500-mg-cbd-xl-15-ml-breites-spektrum\/#breadcrumb\"},\"inLanguage\":\"de\",\"potentialAction\":[{\"@type\":\"ReadAction\",\"target\":[\"http:\/\/development.ekokor.si\/de\/trgovina\/cbd-tropfen-10-1500-mg-cbd-xl-15-ml-breites-spektrum\/\"]}]},{\"@type\":\"BreadcrumbList\",\"@id\":\"http:\/\/development.ekokor.si\/de\/trgovina\/cbd-tropfen-10-1500-mg-cbd-xl-15-ml-breites-spektrum\/#breadcrumb\",\"itemListElement\":[{\"@type\":\"ListItem\",\"position\":1,\"name\":\"Home\",\"item\":\"http:\/\/development.ekokor.si\/de\/\"},{\"@type\":\"ListItem\",\"position\":2,\"name\":\"Shop\",\"item\":\"http:\/\/development.ekokor.si\/de\/shop\/\"},{\"@type\":\"ListItem\",\"position\":3,\"name\":\"CBD Tropfen 10% (1500 mg CBD) \u2013 XL (15 ml) &#8211; Breites Spektrum\"}]}]}<\/script>\n<!-- \/ Yoast SEO plugin. -->","yoast_head_json":{"title":"CBD Kapljice 5% I Kontrolirano Ekolo\u0161ko poreklo @Ekokor","description":"CBD Kapljice 5% Ekolo\u0161ka kakovost I Ugodna cena I Polni spekter kanabinoidov I slovensko poreklo Ro\u010dno nabrana eko konoplja I Brez sledi strupenih plevelov","robots":{"index":"noindex","follow":"follow","max-snippet":"max-snippet:-1","max-image-preview":"max-image-preview:large","max-video-preview":"max-video-preview:-1"},"og_locale":"de_DE","og_type":"article","og_title":"CBD Kapljice 5% I Kontrolirano Ekolo\u0161ko poreklo @Ekokor","og_description":"CBD Kapljice 5% Ekolo\u0161ka kakovost I Ugodna cena I Polni spekter kanabinoidov I slovensko poreklo Ro\u010dno nabrana eko konoplja I Brez sledi strupenih plevelov","og_url":"http:\/\/development.ekokor.si\/de\/trgovina\/cbd-tropfen-10-1500-mg-cbd-xl-15-ml-breites-spektrum\/","og_site_name":"Ekokor - Slovenski Ekolo\u0161ki izdelki iz konoplje","article_publisher":"https:\/\/www.facebook.com\/ekokor99\/","article_modified_time":"2022-07-09T20:27:06+00:00","og_image":[{"width":1080,"height":1080,"url":"http:\/\/development.ekokor.si\/wp-content\/uploads\/2022\/04\/ekokor-CBD-10-de-4.jpg","type":"image\/jpeg"}],"twitter_card":"summary_large_image","schema":{"@context":"https:\/\/schema.org","@graph":[{"@type":"Organization","@id":"http:\/\/development.ekokor.si\/#organization","name":"Ekokor - slovenski ekolo\u0161ki izdelki iz konoplje","url":"http:\/\/development.ekokor.si\/","sameAs":["https:\/\/www.facebook.com\/ekokor99\/"],"logo":{"@type":"ImageObject","inLanguage":"de","@id":"http:\/\/development.ekokor.si\/#\/schema\/logo\/image\/","url":"http:\/\/development.ekokor.si\/wp-content\/uploads\/2019\/08\/ekokog_logo.png","contentUrl":"http:\/\/development.ekokor.si\/wp-content\/uploads\/2019\/08\/ekokog_logo.png","width":221,"height":296,"caption":"Ekokor - slovenski ekolo\u0161ki izdelki iz konoplje"},"image":{"@id":"http:\/\/development.ekokor.si\/#\/schema\/logo\/image\/"}},{"@type":"WebSite","@id":"http:\/\/development.ekokor.si\/#website","url":"http:\/\/development.ekokor.si\/","name":"Ekokor - Slovenski Ekolo\u0161ki izdelki iz konoplje","description":"Spletna trgovina ekolo\u0161ke kmetije pr&#039; \u0160majd","publisher":{"@id":"http:\/\/development.ekokor.si\/#organization"},"potentialAction":[{"@type":"SearchAction","target":{"@type":"EntryPoint","urlTemplate":"http:\/\/development.ekokor.si\/?s={search_term_string}"},"query-input":"required name=search_term_string"}],"inLanguage":"de"},{"@type":"WebPage","@id":"http:\/\/development.ekokor.si\/de\/trgovina\/cbd-tropfen-10-1500-mg-cbd-xl-15-ml-breites-spektrum\/","url":"http:\/\/development.ekokor.si\/de\/trgovina\/cbd-tropfen-10-1500-mg-cbd-xl-15-ml-breites-spektrum\/","name":"CBD Kapljice 5% I Kontrolirano Ekolo\u0161ko poreklo @Ekokor","isPartOf":{"@id":"http:\/\/development.ekokor.si\/#website"},"datePublished":"2021-06-18T21:13:33+00:00","dateModified":"2022-07-09T20:27:06+00:00","description":"CBD Kapljice 5% Ekolo\u0161ka kakovost I Ugodna cena I Polni spekter kanabinoidov I slovensko poreklo Ro\u010dno nabrana eko konoplja I Brez sledi strupenih plevelov","breadcrumb":{"@id":"http:\/\/development.ekokor.si\/de\/trgovina\/cbd-tropfen-10-1500-mg-cbd-xl-15-ml-breites-spektrum\/#breadcrumb"},"inLanguage":"de","potentialAction":[{"@type":"ReadAction","target":["http:\/\/development.ekokor.si\/de\/trgovina\/cbd-tropfen-10-1500-mg-cbd-xl-15-ml-breites-spektrum\/"]}]},{"@type":"BreadcrumbList","@id":"http:\/\/development.ekokor.si\/de\/trgovina\/cbd-tropfen-10-1500-mg-cbd-xl-15-ml-breites-spektrum\/#breadcrumb","itemListElement":[{"@type":"ListItem","position":1,"name":"Home","item":"http:\/\/development.ekokor.si\/de\/"},{"@type":"ListItem","position":2,"name":"Shop","item":"http:\/\/development.ekokor.si\/de\/shop\/"},{"@type":"ListItem","position":3,"name":"CBD Tropfen 10% (1500 mg CBD) \u2013 XL (15 ml) &#8211; Breites Spektrum"}]}]}},"_links":{"self":[{"href":"http:\/\/development.ekokor.si\/de\/wp-json\/wp\/v2\/product\/34959","targetHints":{"allow":["GET"]}}],"collection":[{"href":"http:\/\/development.ekokor.si\/de\/wp-json\/wp\/v2\/product"}],"about":[{"href":"http:\/\/development.ekokor.si\/de\/wp-json\/wp\/v2\/types\/product"}],"wp:featuredmedia":[{"embeddable":true,"href":"http:\/\/development.ekokor.si\/de\/wp-json\/wp\/v2\/media\/34891"}],"wp:attachment":[{"href":"http:\/\/development.ekokor.si\/de\/wp-json\/wp\/v2\/media?parent=34959"}],"wp:term":[{"taxonomy":"product_cat","embeddable":true,"href":"http:\/\/development.ekokor.si\/de\/wp-json\/wp\/v2\/product_cat?post=34959"},{"taxonomy":"product_tag","embeddable":true,"href":"http:\/\/development.ekokor.si\/de\/wp-json\/wp\/v2\/product_tag?post=34959"}],"curies":[{"name":"wp","href":"https:\/\/api.w.org\/{rel}","templated":true}]}}